{"id":1988,"date":"2025-09-23T10:37:24","date_gmt":"2025-09-23T15:37:24","guid":{"rendered":"https:\/\/tiendalakasitaverde.com\/?post_type=product&#038;p=1988"},"modified":"2026-04-07T10:26:30","modified_gmt":"2026-04-07T15:26:30","slug":"ventilador-recargable","status":"publish","type":"product","link":"https:\/\/tiendalakasitaverde.com\/en\/product\/ventilador-recargable\/","title":{"rendered":"Ventilador Recargable"},"content":{"rendered":"<p>Caracter\u00edsticas del producto<\/p>\n<p>1. Aspecto industrial \u00fanico, antica\u00eddas, anticolisi\u00f3n, firme y duradero, salida de carga USB.<\/p>\n<p>2. Equipado con l\u00e1mpara LED para iluminaci\u00f3n, y el brillo ajustable en tres niveles.<\/p>\n<p>3. Gira de izquierda a derecha, hacia arriba, hacia abajo, hacia adelante y hacia atr\u00e1s.<\/p>\n<p>4. Control remoto disponible.<\/p>\n<p>Precauciones de seguridad: No exponer al sol, altas temperaturas, fuego, humedad, etc. No desmontar, abrir, cortar o perforar. Interrumpa el uso en caso de cualquier anomal\u00eda. Debe recargarse una vez cada 2 o 3 meses para evitar da\u00f1os en la bater\u00eda causados \u200b\u200bpor un almacenamiento prolongado.<\/p>","protected":false},"excerpt":{"rendered":"<p>Uso del control remoto \/ Apagado \/ Reducci\u00f3n de brillo \/ Ajustes de tiempo para la reducci\u00f3n del viento \/ Viento plus \/ Brillo plus \/ Modo de suspensi\u00f3n \/ Control de rotaci\u00f3n \/ L\u00e1mina aislante<\/p>\n<p>Modelo: F6 &#8211;\u00a0Potencia de funcionamiento: 15 W &#8212; Salida USB: CC 5 V-3 A &#8212; Potencia (M\u00c1X): 15 W &#8212; Entrada\/Salida Tipo C: CC 5 V-3 A &#8212; Capacidad de la bater\u00eda: 20000 mAh<\/p>\n<p>Tiempo de funcionamiento del ventilador: Alrededor de 12-58 horas.<\/p>\n<p>Tiempo de iluminaci\u00f3n:\u00a0Alrededor de 39-138 horas.<\/p>\n<p>Tiempo de oscilaci\u00f3n del ventilador: Alrededor de 10-31 horas.<\/p>","protected":false},"featured_media":3391,"template":"","meta":{"_uag_custom_page_level_css":"","site-sidebar-layout":"default","site-content-layout":"","ast-site-content-layout":"default","site-content-style":"default","site-sidebar-style":"default","ast-global-header-display":"","ast-banner-title-visibility":"","ast-main-header-display":"","ast-hfb-above-header-display":"","ast-hfb-below-header-display":"","ast-hfb-mobile-header-display":"","site-post-title":"","ast-breadcrumbs-content":"","ast-featured-img":"","footer-sml-layout":"","ast-disable-related-posts":"","theme-transparent-header-meta":"default","adv-header-id-meta":"","stick-header-meta":"","header-above-stick-meta":"","header-main-stick-meta":"","header-below-stick-meta":"","astra-migrate-meta-layouts":"set","ast-page-background-enabled":"default","ast-page-background-meta":{"desktop":{"background-color":"var(--ast-global-color-4)","background-image":"","background-repeat":"repeat","background-position":"center center","background-size":"auto","background-attachment":"scroll","background-type":"","background-media":"","overlay-type":"","overlay-color":"","overlay-opacity":"","overlay-gradient":""},"tablet":{"background-color":"","background-image":"","background-repeat":"repeat","background-position":"center center","background-size":"auto","background-attachment":"scroll","background-type":"","background-media":"","overlay-type":"","overlay-color":"","overlay-opacity":"","overlay-gradient":""},"mobile":{"background-color":"","background-image":"","background-repeat":"repeat","background-position":"center center","background-size":"auto","background-attachment":"scroll","background-type":"","background-media":"","overlay-type":"","overlay-color":"","overlay-opacity":"","overlay-gradient":""}},"ast-content-background-meta":{"desktop":{"background-color":"var(--ast-global-color-5)","background-image":"","background-repeat":"repeat","background-position":"center center","background-size":"auto","background-attachment":"scroll","background-type":"","background-media":"","overlay-type":"","overlay-color":"","overlay-opacity":"","overlay-gradient":""},"tablet":{"background-color":"var(--ast-global-color-5)","background-image":"","background-repeat":"repeat","background-position":"center center","background-size":"auto","background-attachment":"scroll","background-type":"","background-media":"","overlay-type":"","overlay-color":"","overlay-opacity":"","overlay-gradient":""},"mobile":{"background-color":"var(--ast-global-color-5)","background-image":"","background-repeat":"repeat","background-position":"center center","background-size":"auto","background-attachment":"scroll","background-type":"","background-media":"","overlay-type":"","overlay-color":"","overlay-opacity":"","overlay-gradient":""}}},"product_brand":[],"product_cat":[66,16,63],"product_tag":[],"class_list":{"0":"post-1988","1":"product","2":"type-product","3":"status-publish","4":"has-post-thumbnail","6":"product_cat-electrodomesticos","7":"product_cat-todos","8":"product_cat-utiles-del-hogar","9":"desktop-align-center","10":"tablet-align-left","11":"mobile-align-center","13":"first","14":"instock","15":"sale","16":"shipping-taxable","17":"purchasable","18":"product-type-simple"},"uagb_featured_image_src":{"full":["https:\/\/tiendalakasitaverde.com\/wp-content\/uploads\/2025\/09\/Screenshot_20260127_093814_Google.jpg",656,990,false],"thumbnail":["https:\/\/tiendalakasitaverde.com\/wp-content\/uploads\/2025\/09\/Screenshot_20260127_093814_Google-150x150.jpg",150,150,true],"medium":["https:\/\/tiendalakasitaverde.com\/wp-content\/uploads\/2025\/09\/Screenshot_20260127_093814_Google-199x300.jpg",199,300,true],"medium_large":["https:\/\/tiendalakasitaverde.com\/wp-content\/uploads\/2025\/09\/Screenshot_20260127_093814_Google.jpg",656,990,false],"large":["https:\/\/tiendalakasitaverde.com\/wp-content\/uploads\/2025\/09\/Screenshot_20260127_093814_Google.jpg",656,990,false],"1536x1536":["https:\/\/tiendalakasitaverde.com\/wp-content\/uploads\/2025\/09\/Screenshot_20260127_093814_Google.jpg",656,990,false],"2048x2048":["https:\/\/tiendalakasitaverde.com\/wp-content\/uploads\/2025\/09\/Screenshot_20260127_093814_Google.jpg",656,990,false],"trp-custom-language-flag":["https:\/\/tiendalakasitaverde.com\/wp-content\/uploads\/2025\/09\/Screenshot_20260127_093814_Google-8x12.jpg",8,12,true],"woocommerce_thumbnail":["https:\/\/tiendalakasitaverde.com\/wp-content\/uploads\/2025\/09\/Screenshot_20260127_093814_Google-300x300.jpg",300,300,true],"woocommerce_single":["https:\/\/tiendalakasitaverde.com\/wp-content\/uploads\/2025\/09\/Screenshot_20260127_093814_Google-600x905.jpg",600,905,true],"woocommerce_gallery_thumbnail":["https:\/\/tiendalakasitaverde.com\/wp-content\/uploads\/2025\/09\/Screenshot_20260127_093814_Google-100x100.jpg",100,100,true]},"uagb_author_info":{"display_name":"kireniaoficial2025","author_link":"https:\/\/tiendalakasitaverde.com\/en\/author\/"},"uagb_comment_info":0,"uagb_excerpt":"Uso del control remoto \/ Apagado \/ Reducci\u00f3n de brillo \/ Ajustes de tiempo para la reducci\u00f3n del viento \/ Viento plus \/ Brillo plus \/ Modo de suspensi\u00f3n \/ Control de rotaci\u00f3n \/ L\u00e1mina aislante Modelo: F6 -\u00a0Potencia de funcionamiento: 15 W -- Salida USB: CC 5 V-3 A -- Potencia (M\u00c1X): 15 W&hellip;","jetpack_sharing_enabled":true,"_links":{"self":[{"href":"https:\/\/tiendalakasitaverde.com\/en\/wp-json\/wp\/v2\/product\/1988","targetHints":{"allow":["GET"]}}],"collection":[{"href":"https:\/\/tiendalakasitaverde.com\/en\/wp-json\/wp\/v2\/product"}],"about":[{"href":"https:\/\/tiendalakasitaverde.com\/en\/wp-json\/wp\/v2\/types\/product"}],"wp:featuredmedia":[{"embeddable":true,"href":"https:\/\/tiendalakasitaverde.com\/en\/wp-json\/wp\/v2\/media\/3391"}],"wp:attachment":[{"href":"https:\/\/tiendalakasitaverde.com\/en\/wp-json\/wp\/v2\/media?parent=1988"}],"wp:term":[{"taxonomy":"product_brand","embeddable":true,"href":"https:\/\/tiendalakasitaverde.com\/en\/wp-json\/wp\/v2\/product_brand?post=1988"},{"taxonomy":"product_cat","embeddable":true,"href":"https:\/\/tiendalakasitaverde.com\/en\/wp-json\/wp\/v2\/product_cat?post=1988"},{"taxonomy":"product_tag","embeddable":true,"href":"https:\/\/tiendalakasitaverde.com\/en\/wp-json\/wp\/v2\/product_tag?post=1988"}],"curies":[{"name":"wp","href":"https:\/\/api.w.org\/{rel}","templated":true}]}}