{"id":1971,"date":"2025-09-22T14:44:44","date_gmt":"2025-09-22T19:44:44","guid":{"rendered":"https:\/\/tiendalakasitaverde.com\/?post_type=product&#038;p=1971"},"modified":"2026-04-07T10:17:25","modified_gmt":"2026-04-07T15:17:25","slug":"shampoo-de-te-verde-y-semilla-de-lino-natureb-1lt","status":"publish","type":"product","link":"https:\/\/tiendalakasitaverde.com\/en\/product\/shampoo-de-te-verde-y-semilla-de-lino-natureb-1lt\/","title":{"rendered":"Shampoo de T\u00e9 Verde y Linaza NATUREB (1lt)"},"content":{"rendered":"<p>El champ\u00fa Naturerb con extractos de t\u00e9 verde y linaza es apto para todo tipo de cabello, fortaleci\u00e9ndolo y limpi\u00e1ndolo. Suaviza el cabello, lo hidrata, dej\u00e1ndolo suave y perfumado.<\/p>\n<p>&nbsp;<\/p>\n<p>ADVERTENCIAS: Producto cosm\u00e9tico HECHO EN ITALIA, de uso externo. No ingerir.<\/p>","protected":false},"excerpt":{"rendered":"<p>El champ\u00fa Naturerb con extractos de t\u00e9 verde y linaza es apto para todo tipo de cabello, fortaleci\u00e9ndolo y limpi\u00e1ndolo. [&hellip;]<\/p>","protected":false},"featured_media":1972,"template":"","meta":{"_uag_custom_page_level_css":"","site-sidebar-layout":"default","site-content-layout":"","ast-site-content-layout":"default","site-content-style":"default","site-sidebar-style":"default","ast-global-header-display":"","ast-banner-title-visibility":"","ast-main-header-display":"","ast-hfb-above-header-display":"","ast-hfb-below-header-display":"","ast-hfb-mobile-header-display":"","site-post-title":"","ast-breadcrumbs-content":"","ast-featured-img":"","footer-sml-layout":"","ast-disable-related-posts":"","theme-transparent-header-meta":"default","adv-header-id-meta":"","stick-header-meta":"","header-above-stick-meta":"","header-main-stick-meta":"","header-below-stick-meta":"","astra-migrate-meta-layouts":"set","ast-page-background-enabled":"default","ast-page-background-meta":{"desktop":{"background-color":"var(--ast-global-color-4)","background-image":"","background-repeat":"repeat","background-position":"center center","background-size":"auto","background-attachment":"scroll","background-type":"","background-media":"","overlay-type":"","overlay-color":"","overlay-opacity":"","overlay-gradient":""},"tablet":{"background-color":"","background-image":"","background-repeat":"repeat","background-position":"center center","background-size":"auto","background-attachment":"scroll","background-type":"","background-media":"","overlay-type":"","overlay-color":"","overlay-opacity":"","overlay-gradient":""},"mobile":{"background-color":"","background-image":"","background-repeat":"repeat","background-position":"center center","background-size":"auto","background-attachment":"scroll","background-type":"","background-media":"","overlay-type":"","overlay-color":"","overlay-opacity":"","overlay-gradient":""}},"ast-content-background-meta":{"desktop":{"background-color":"var(--ast-global-color-5)","background-image":"","background-repeat":"repeat","background-position":"center center","background-size":"auto","background-attachment":"scroll","background-type":"","background-media":"","overlay-type":"","overlay-color":"","overlay-opacity":"","overlay-gradient":""},"tablet":{"background-color":"var(--ast-global-color-5)","background-image":"","background-repeat":"repeat","background-position":"center center","background-size":"auto","background-attachment":"scroll","background-type":"","background-media":"","overlay-type":"","overlay-color":"","overlay-opacity":"","overlay-gradient":""},"mobile":{"background-color":"var(--ast-global-color-5)","background-image":"","background-repeat":"repeat","background-position":"center center","background-size":"auto","background-attachment":"scroll","background-type":"","background-media":"","overlay-type":"","overlay-color":"","overlay-opacity":"","overlay-gradient":""}}},"product_brand":[],"product_cat":[62,16],"product_tag":[],"class_list":{"0":"post-1971","1":"product","2":"type-product","3":"status-publish","4":"has-post-thumbnail","6":"product_cat-aseo","7":"product_cat-todos","8":"desktop-align-center","9":"tablet-align-left","10":"mobile-align-center","12":"first","13":"instock","14":"shipping-taxable","15":"purchasable","16":"product-type-simple"},"uagb_featured_image_src":{"full":["https:\/\/tiendalakasitaverde.com\/wp-content\/uploads\/2025\/09\/Shampoo_Natureb.png",500,500,false],"thumbnail":["https:\/\/tiendalakasitaverde.com\/wp-content\/uploads\/2025\/09\/Shampoo_Natureb-150x150.png",150,150,true],"medium":["https:\/\/tiendalakasitaverde.com\/wp-content\/uploads\/2025\/09\/Shampoo_Natureb-300x300.png",300,300,true],"medium_large":["https:\/\/tiendalakasitaverde.com\/wp-content\/uploads\/2025\/09\/Shampoo_Natureb.png",500,500,false],"large":["https:\/\/tiendalakasitaverde.com\/wp-content\/uploads\/2025\/09\/Shampoo_Natureb.png",500,500,false],"1536x1536":["https:\/\/tiendalakasitaverde.com\/wp-content\/uploads\/2025\/09\/Shampoo_Natureb.png",500,500,false],"2048x2048":["https:\/\/tiendalakasitaverde.com\/wp-content\/uploads\/2025\/09\/Shampoo_Natureb.png",500,500,false],"trp-custom-language-flag":["https:\/\/tiendalakasitaverde.com\/wp-content\/uploads\/2025\/09\/Shampoo_Natureb-12x12.png",12,12,true],"woocommerce_thumbnail":["https:\/\/tiendalakasitaverde.com\/wp-content\/uploads\/2025\/09\/Shampoo_Natureb-300x300.png",300,300,true],"woocommerce_single":["https:\/\/tiendalakasitaverde.com\/wp-content\/uploads\/2025\/09\/Shampoo_Natureb.png",500,500,false],"woocommerce_gallery_thumbnail":["https:\/\/tiendalakasitaverde.com\/wp-content\/uploads\/2025\/09\/Shampoo_Natureb-100x100.png",100,100,true]},"uagb_author_info":{"display_name":"kireniaoficial2025","author_link":"https:\/\/tiendalakasitaverde.com\/en\/author\/"},"uagb_comment_info":0,"uagb_excerpt":"El champ\u00fa Naturerb con extractos de t\u00e9 verde y linaza es apto para todo tipo de cabello, fortaleci\u00e9ndolo y limpi\u00e1ndolo. [&hellip;]","jetpack_sharing_enabled":true,"_links":{"self":[{"href":"https:\/\/tiendalakasitaverde.com\/en\/wp-json\/wp\/v2\/product\/1971","targetHints":{"allow":["GET"]}}],"collection":[{"href":"https:\/\/tiendalakasitaverde.com\/en\/wp-json\/wp\/v2\/product"}],"about":[{"href":"https:\/\/tiendalakasitaverde.com\/en\/wp-json\/wp\/v2\/types\/product"}],"wp:featuredmedia":[{"embeddable":true,"href":"https:\/\/tiendalakasitaverde.com\/en\/wp-json\/wp\/v2\/media\/1972"}],"wp:attachment":[{"href":"https:\/\/tiendalakasitaverde.com\/en\/wp-json\/wp\/v2\/media?parent=1971"}],"wp:term":[{"taxonomy":"product_brand","embeddable":true,"href":"https:\/\/tiendalakasitaverde.com\/en\/wp-json\/wp\/v2\/product_brand?post=1971"},{"taxonomy":"product_cat","embeddable":true,"href":"https:\/\/tiendalakasitaverde.com\/en\/wp-json\/wp\/v2\/product_cat?post=1971"},{"taxonomy":"product_tag","embeddable":true,"href":"https:\/\/tiendalakasitaverde.com\/en\/wp-json\/wp\/v2\/product_tag?post=1971"}],"curies":[{"name":"wp","href":"https:\/\/api.w.org\/{rel}","templated":true}]}}