{"id":1492,"date":"2025-04-10T10:29:30","date_gmt":"2025-04-10T15:29:30","guid":{"rendered":"https:\/\/tiendalakasitaverde.com\/?post_type=product&#038;p=1492"},"modified":"2025-07-01T09:44:33","modified_gmt":"2025-07-01T14:44:33","slug":"sopa-instantanea-ramen-maruchan-sabor-camaron-85-gr","status":"publish","type":"product","link":"https:\/\/tiendalakasitaverde.com\/en\/product\/sopa-instantanea-ramen-maruchan-sabor-camaron-85-gr\/","title":{"rendered":"Sopa instant\u00e1nea Ramen MARUCHAN sabor Camar\u00f3n 85 gr"},"content":{"rendered":"<p>Sopa instantanea de tipo ramen con sabor caracter\u00edstico a camar\u00f3n f\u00e1cil de elaborar y deliciosa al consumir. Formato de paquete peque\u00f1o de 85gr.<\/p>","protected":false},"excerpt":{"rendered":"<p>Sopa instantanea de tipo ramen con sabor caracter\u00edstico a camar\u00f3n f\u00e1cil de elaborar y deliciosa al consumir. Formato de paquete [&hellip;]<\/p>","protected":false},"featured_media":1486,"template":"","meta":{"_uag_custom_page_level_css":"","site-sidebar-layout":"default","site-content-layout":"","ast-site-content-layout":"default","site-content-style":"default","site-sidebar-style":"default","ast-global-header-display":"","ast-banner-title-visibility":"","ast-main-header-display":"","ast-hfb-above-header-display":"","ast-hfb-below-header-display":"","ast-hfb-mobile-header-display":"","site-post-title":"","ast-breadcrumbs-content":"","ast-featured-img":"","footer-sml-layout":"","theme-transparent-header-meta":"default","adv-header-id-meta":"","stick-header-meta":"","header-above-stick-meta":"","header-main-stick-meta":"","header-below-stick-meta":"","astra-migrate-meta-layouts":"set","ast-page-background-enabled":"default","ast-page-background-meta":{"desktop":{"background-color":"var(--ast-global-color-4)","background-image":"","background-repeat":"repeat","background-position":"center center","background-size":"auto","background-attachment":"scroll","background-type":"","background-media":"","overlay-type":"","overlay-color":"","overlay-opacity":"","overlay-gradient":""},"tablet":{"background-color":"","background-image":"","background-repeat":"repeat","background-position":"center center","background-size":"auto","background-attachment":"scroll","background-type":"","background-media":"","overlay-type":"","overlay-color":"","overlay-opacity":"","overlay-gradient":""},"mobile":{"background-color":"","background-image":"","background-repeat":"repeat","background-position":"center center","background-size":"auto","background-attachment":"scroll","background-type":"","background-media":"","overlay-type":"","overlay-color":"","overlay-opacity":"","overlay-gradient":""}},"ast-content-background-meta":{"desktop":{"background-color":"var(--ast-global-color-5)","background-image":"","background-repeat":"repeat","background-position":"center center","background-size":"auto","background-attachment":"scroll","background-type":"","background-media":"","overlay-type":"","overlay-color":"","overlay-opacity":"","overlay-gradient":""},"tablet":{"background-color":"var(--ast-global-color-5)","background-image":"","background-repeat":"repeat","background-position":"center center","background-size":"auto","background-attachment":"scroll","background-type":"","background-media":"","overlay-type":"","overlay-color":"","overlay-opacity":"","overlay-gradient":""},"mobile":{"background-color":"var(--ast-global-color-5)","background-image":"","background-repeat":"repeat","background-position":"center center","background-size":"auto","background-attachment":"scroll","background-type":"","background-media":"","overlay-type":"","overlay-color":"","overlay-opacity":"","overlay-gradient":""}}},"product_brand":[],"product_cat":[16,22,32],"product_tag":[],"class_list":{"0":"post-1492","1":"product","2":"type-product","3":"status-publish","4":"has-post-thumbnail","6":"product_cat-todos","7":"product_cat-alimentos","8":"product_cat-productos-varios","9":"desktop-align-center","10":"tablet-align-left","11":"mobile-align-center","13":"first","14":"outofstock","15":"shipping-taxable","16":"purchasable","17":"product-type-simple"},"uagb_featured_image_src":{"full":["https:\/\/tiendalakasitaverde.com\/wp-content\/uploads\/2025\/04\/WhatsApp_Image_2025-04-09_at_9.00.05_PM-removebg-preview.png",500,500,false],"thumbnail":["https:\/\/tiendalakasitaverde.com\/wp-content\/uploads\/2025\/04\/WhatsApp_Image_2025-04-09_at_9.00.05_PM-removebg-preview-150x150.png",150,150,true],"medium":["https:\/\/tiendalakasitaverde.com\/wp-content\/uploads\/2025\/04\/WhatsApp_Image_2025-04-09_at_9.00.05_PM-removebg-preview-300x300.png",300,300,true],"medium_large":["https:\/\/tiendalakasitaverde.com\/wp-content\/uploads\/2025\/04\/WhatsApp_Image_2025-04-09_at_9.00.05_PM-removebg-preview.png",500,500,false],"large":["https:\/\/tiendalakasitaverde.com\/wp-content\/uploads\/2025\/04\/WhatsApp_Image_2025-04-09_at_9.00.05_PM-removebg-preview.png",500,500,false],"1536x1536":["https:\/\/tiendalakasitaverde.com\/wp-content\/uploads\/2025\/04\/WhatsApp_Image_2025-04-09_at_9.00.05_PM-removebg-preview.png",500,500,false],"2048x2048":["https:\/\/tiendalakasitaverde.com\/wp-content\/uploads\/2025\/04\/WhatsApp_Image_2025-04-09_at_9.00.05_PM-removebg-preview.png",500,500,false],"trp-custom-language-flag":["https:\/\/tiendalakasitaverde.com\/wp-content\/uploads\/2025\/04\/WhatsApp_Image_2025-04-09_at_9.00.05_PM-removebg-preview-12x12.png",12,12,true],"woocommerce_thumbnail":["https:\/\/tiendalakasitaverde.com\/wp-content\/uploads\/2025\/04\/WhatsApp_Image_2025-04-09_at_9.00.05_PM-removebg-preview-300x300.png",300,300,true],"woocommerce_single":["https:\/\/tiendalakasitaverde.com\/wp-content\/uploads\/2025\/04\/WhatsApp_Image_2025-04-09_at_9.00.05_PM-removebg-preview.png",500,500,false],"woocommerce_gallery_thumbnail":["https:\/\/tiendalakasitaverde.com\/wp-content\/uploads\/2025\/04\/WhatsApp_Image_2025-04-09_at_9.00.05_PM-removebg-preview-100x100.png",100,100,true]},"uagb_author_info":{"display_name":"kireniaoficial2025","author_link":"https:\/\/tiendalakasitaverde.com\/en\/author\/"},"uagb_comment_info":0,"uagb_excerpt":"Sopa instantanea de tipo ramen con sabor caracter\u00edstico a camar\u00f3n f\u00e1cil de elaborar y deliciosa al consumir. Formato de paquete [&hellip;]","jetpack_sharing_enabled":true,"_links":{"self":[{"href":"https:\/\/tiendalakasitaverde.com\/en\/wp-json\/wp\/v2\/product\/1492","targetHints":{"allow":["GET"]}}],"collection":[{"href":"https:\/\/tiendalakasitaverde.com\/en\/wp-json\/wp\/v2\/product"}],"about":[{"href":"https:\/\/tiendalakasitaverde.com\/en\/wp-json\/wp\/v2\/types\/product"}],"wp:featuredmedia":[{"embeddable":true,"href":"https:\/\/tiendalakasitaverde.com\/en\/wp-json\/wp\/v2\/media\/1486"}],"wp:attachment":[{"href":"https:\/\/tiendalakasitaverde.com\/en\/wp-json\/wp\/v2\/media?parent=1492"}],"wp:term":[{"taxonomy":"product_brand","embeddable":true,"href":"https:\/\/tiendalakasitaverde.com\/en\/wp-json\/wp\/v2\/product_brand?post=1492"},{"taxonomy":"product_cat","embeddable":true,"href":"https:\/\/tiendalakasitaverde.com\/en\/wp-json\/wp\/v2\/product_cat?post=1492"},{"taxonomy":"product_tag","embeddable":true,"href":"https:\/\/tiendalakasitaverde.com\/en\/wp-json\/wp\/v2\/product_tag?post=1492"}],"curies":[{"name":"wp","href":"https:\/\/api.w.org\/{rel}","templated":true}]}}